{"id":1071,"date":"2010-06-29T14:11:58","date_gmt":"2010-06-29T17:11:58","guid":{"rendered":"https:\/\/www.meaturuguay.com\/acerca-de-uruguay\/"},"modified":"2025-10-23T16:26:31","modified_gmt":"2025-10-23T19:26:31","slug":"acerca-de-uruguay","status":"publish","type":"page","link":"https:\/\/www.meaturuguay.com\/es\/carnes-del-uruguay\/acerca-de-uruguay\/","title":{"rendered":"Acerca de Uruguay"},"content":{"rendered":"<p><a rel=\"nofollow\" href=\"https:\/\/www.meaturuguay.com\/es\/carnes-del-uruguay\/acerca-de-uruguay\/\"><img loading=\"lazy\" decoding=\"async\" class=\"alignleft\" title=\"uruguay-meat-food\" src=\"..\/wp-content\/uploads\/2010\/06\/uruguay-meat-food.jpg\" alt=\"\" width=\"315\" height=\"229\" \/><\/a><a rel=\"nofollow\" href=\"https:\/\/www.meaturuguay.com\/es\/carnes-del-uruguay\/acerca-de-uruguay\/\"><span style=\"font-family: Verdana;\">Uruguay es uno de los  principales productores de carne en el mundo.<\/span><\/a><\/p>\n<p><span style=\"font-family: Verdana;\">El ganado se cr\u00eda a cielo  abierto, en condiciones naturales con un clima templado, en tierras  f\u00e9rtiles y gran abundancia de agua generada en sus numeros r\u00edos y  arroyos, asegurando el bienestar de los animales.<\/span><\/p>\n<p><span style=\"font-family: Verdana;\">Casi 100 mil personas comparten  el medio ambiente con los animales.<\/span><\/p>\n<p><span style=\"font-family: Verdana;\">Adem\u00e1s del productor ganadero y  del industrial que procesa la carne, este rubro de trabajo a mucha  gente.<\/span><\/p>\n<p><span style=\"font-family: Verdana;\">Uruguay es el segundo pa\u00eds del  mundo en consumo de carne vacuna por persona, con 53 kilos por persona  por a\u00f1o.<\/span><\/p>\n<p><span style=\"font-family: Verdana;\">Produce cerca de 600 mil  toneladas de carne vacuna al a\u00f1o, 150 mil para el consumo interno y 450  mil se van al mundo.<\/span><\/p>\n<p><span style=\"font-family: Verdana;\">Esta carne viaja a m\u00e1s de 80  pa\u00edses y representa la cuarta parte de las exportaciones de bienes del  Uruguay.<\/span><\/p>\n<p><span style=\"font-family: Verdana;\">Para llegar a estos objetivos,  nuestro pa\u00eds ha dise\u00f1ado los mejores sistemas de informaci\u00f3n ganadera  del mundo: Trazabilidad+ Sistema Electr\u00f3nico de Informaci\u00f3n de la  Industria C\u00e1rnica.<\/span><\/p>\n<p><span style=\"font-family: Verdana;\">La inversi\u00f3n en tecnolog\u00eda va en  un sentido muy espec\u00edfico: conocer m\u00e1s acerca de los ciclos naturales y  aprender cada vez m\u00e1s a seguirlos aprovechando para ello las  herramientas de la Sociedad de la Informaci\u00f3n.<\/span><\/p>\n<p><span style=\"font-family: Verdana;\">Estos logros sumados al status  sanitarios alcanzado por Uruguay y la calidad del producto ha potenciado  a la carne uruguaya en los mercados exigentes.<\/span><\/p>\n","protected":false},"excerpt":{"rendered":"<p>Uruguay es uno de los principales productores de carne en el mundo. El ganado se cr\u00eda a cielo abierto, en [&hellip;]<\/p>\n","protected":false},"author":1,"featured_media":0,"parent":1069,"menu_order":0,"comment_status":"closed","ping_status":"open","template":"","meta":{"site-sidebar-layout":"default","site-content-layout":"","ast-site-content-layout":"default","site-content-style":"default","site-sidebar-style":"default","ast-global-header-display":"","ast-banner-title-visibility":"","ast-main-header-display":"","ast-hfb-above-header-display":"","ast-hfb-below-header-display":"","ast-hfb-mobile-header-display":"","site-post-title":"","ast-breadcrumbs-content":"","ast-featured-img":"","footer-sml-layout":"","theme-transparent-header-meta":"","adv-header-id-meta":"","stick-header-meta":"","header-above-stick-meta":"","header-main-stick-meta":"","header-below-stick-meta":"","astra-migrate-meta-layouts":"default","ast-page-background-enabled":"default","ast-page-background-meta":{"desktop":{"background-color":"var(--ast-global-color-5)","background-image":"","background-repeat":"repeat","background-position":"center center","background-size":"auto","background-attachment":"scroll","background-type":"","background-media":"","overlay-type":"","overlay-color":"","overlay-opacity":"","overlay-gradient":""},"tablet":{"background-color":"","background-image":"","background-repeat":"repeat","background-position":"center center","background-size":"auto","background-attachment":"scroll","background-type":"","background-media":"","overlay-type":"","overlay-color":"","overlay-opacity":"","overlay-gradient":""},"mobile":{"background-color":"","background-image":"","background-repeat":"repeat","background-position":"center center","background-size":"auto","background-attachment":"scroll","background-type":"","background-media":"","overlay-type":"","overlay-color":"","overlay-opacity":"","overlay-gradient":""}},"ast-content-background-meta":{"desktop":{"background-color":"var(--ast-global-color-4)","background-image":"","background-repeat":"repeat","background-position":"center center","background-size":"auto","background-attachment":"scroll","background-type":"","background-media":"","overlay-type":"","overlay-color":"","overlay-opacity":"","overlay-gradient":""},"tablet":{"background-color":"var(--ast-global-color-4)","background-image":"","background-repeat":"repeat","background-position":"center center","background-size":"auto","background-attachment":"scroll","background-type":"","background-media":"","overlay-type":"","overlay-color":"","overlay-opacity":"","overlay-gradient":""},"mobile":{"background-color":"var(--ast-global-color-4)","background-image":"","background-repeat":"repeat","background-position":"center center","background-size":"auto","background-attachment":"scroll","background-type":"","background-media":"","overlay-type":"","overlay-color":"","overlay-opacity":"","overlay-gradient":""}},"footnotes":""},"class_list":["post-1071","page","type-page","status-publish","hentry"],"aioseo_notices":[],"_links":{"self":[{"href":"https:\/\/www.meaturuguay.com\/es\/wp-json\/wp\/v2\/pages\/1071","targetHints":{"allow":["GET"]}}],"collection":[{"href":"https:\/\/www.meaturuguay.com\/es\/wp-json\/wp\/v2\/pages"}],"about":[{"href":"https:\/\/www.meaturuguay.com\/es\/wp-json\/wp\/v2\/types\/page"}],"author":[{"embeddable":true,"href":"https:\/\/www.meaturuguay.com\/es\/wp-json\/wp\/v2\/users\/1"}],"replies":[{"embeddable":true,"href":"https:\/\/www.meaturuguay.com\/es\/wp-json\/wp\/v2\/comments?post=1071"}],"version-history":[{"count":1,"href":"https:\/\/www.meaturuguay.com\/es\/wp-json\/wp\/v2\/pages\/1071\/revisions"}],"predecessor-version":[{"id":1563,"href":"https:\/\/www.meaturuguay.com\/es\/wp-json\/wp\/v2\/pages\/1071\/revisions\/1563"}],"up":[{"embeddable":true,"href":"https:\/\/www.meaturuguay.com\/es\/wp-json\/wp\/v2\/pages\/1069"}],"wp:attachment":[{"href":"https:\/\/www.meaturuguay.com\/es\/wp-json\/wp\/v2\/media?parent=1071"}],"curies":[{"name":"wp","href":"https:\/\/api.w.org\/{rel}","templated":true}]}}